{"id":21616,"date":"2026-03-17T13:50:06","date_gmt":"2026-03-17T13:50:06","guid":{"rendered":"https:\/\/some-store.projetsweb.net\/?post_type=product&#038;p=21616"},"modified":"2026-04-13T13:50:37","modified_gmt":"2026-04-13T13:50:37","slug":"sacs-cadeaux-dinosaures-x8","status":"publish","type":"product","link":"https:\/\/some-store.projetsweb.net\/en\/shop\/themes-occasions\/anniversaires\/par-themes\/dinosaures\/sacs-cadeaux-dinosaures-x8\/","title":{"rendered":"Sacs cadeaux dinosaures x8"},"content":{"rendered":"","protected":false},"excerpt":{"rendered":"<p>Faites repartir vos invit\u00e9s avec le sourire gr\u00e2ce \u00e0 ces super sacs cadeaux Dinosaur Kingdom ! Magnifiquement d\u00e9cor\u00e9s d\u2019illustrations de dinosaures et dot\u00e9s de jolies anses en papier torsad\u00e9, ils sont parfaits pour y glisser des surprises comme des tatouages dinosaures et d\u2019autres petits cadeaux.<\/p>\n<ul data-start=\"70\" data-end=\"190\">\n<li data-section-id=\"1tkjpuj\" data-start=\"70\" data-end=\"104\">\n<p data-start=\"72\" data-end=\"104\">D\u00e9tails en foil cuivre et vert<\/p>\n<\/li>\n<li data-section-id=\"1izvx28\" data-start=\"105\" data-end=\"132\">\n<p data-start=\"107\" data-end=\"132\">Anses en papier torsad\u00e9<\/p>\n<\/li>\n<li data-section-id=\"i327ok\" data-start=\"133\" data-end=\"150\">\n<p data-start=\"135\" data-end=\"150\">Lot de 8 sacs<\/p>\n<\/li>\n<li data-section-id=\"lc6xx2\" data-start=\"151\" data-end=\"190\">\n<p data-start=\"153\" data-end=\"190\">Dimensions : 12,7 x 15,24 x 7,62 cm<\/p>\n<\/li>\n<\/ul>\n<p data-start=\"192\" data-end=\"217\" data-is-last-node=\"\" data-is-only-node=\"\"><strong data-start=\"192\" data-end=\"210\">Code produit :<\/strong> 202253<\/p>","protected":false},"featured_media":21617,"comment_status":"open","ping_status":"closed","template":"","meta":[],"product_brand":[],"product_cat":[287,246,265],"product_tag":[],"class_list":{"0":"post-21616","1":"product","2":"type-product","3":"status-publish","4":"has-post-thumbnail","6":"product_cat-dinosaures","7":"product_cat-les-cadeaux-de-retour","8":"product_cat-sacs-cadeaux","10":"first","11":"instock","12":"virtual","13":"purchasable","14":"product-type-simple"},"_links":{"self":[{"href":"https:\/\/some-store.projetsweb.net\/en\/wp-json\/wp\/v2\/product\/21616","targetHints":{"allow":["GET"]}}],"collection":[{"href":"https:\/\/some-store.projetsweb.net\/en\/wp-json\/wp\/v2\/product"}],"about":[{"href":"https:\/\/some-store.projetsweb.net\/en\/wp-json\/wp\/v2\/types\/product"}],"replies":[{"embeddable":true,"href":"https:\/\/some-store.projetsweb.net\/en\/wp-json\/wp\/v2\/comments?post=21616"}],"wp:featuredmedia":[{"embeddable":true,"href":"https:\/\/some-store.projetsweb.net\/en\/wp-json\/wp\/v2\/media\/21617"}],"wp:attachment":[{"href":"https:\/\/some-store.projetsweb.net\/en\/wp-json\/wp\/v2\/media?parent=21616"}],"wp:term":[{"taxonomy":"product_brand","embeddable":true,"href":"https:\/\/some-store.projetsweb.net\/en\/wp-json\/wp\/v2\/product_brand?post=21616"},{"taxonomy":"product_cat","embeddable":true,"href":"https:\/\/some-store.projetsweb.net\/en\/wp-json\/wp\/v2\/product_cat?post=21616"},{"taxonomy":"product_tag","embeddable":true,"href":"https:\/\/some-store.projetsweb.net\/en\/wp-json\/wp\/v2\/product_tag?post=21616"}],"curies":[{"name":"wp","href":"https:\/\/api.w.org\/{rel}","templated":true}]}}