{"id":21614,"date":"2026-03-17T13:46:34","date_gmt":"2026-03-17T13:46:34","guid":{"rendered":"https:\/\/some-store.projetsweb.net\/?post_type=product&#038;p=21614"},"modified":"2026-03-17T13:46:34","modified_gmt":"2026-03-17T13:46:34","slug":"serviettes-dinosaures-x16","status":"publish","type":"product","link":"https:\/\/some-store.projetsweb.net\/en\/shop\/themes-occasions\/anniversaires\/par-themes\/dinosaures\/serviettes-dinosaures-x16\/","title":{"rendered":"Serviettes dinosaures x16"},"content":{"rendered":"","protected":false},"excerpt":{"rendered":"<p>Ces superbes grandes serviettes feront sensation sur votre table de f\u00eate ! Parfaites pour un th\u00e8me dinosaure, elles mettent en sc\u00e8ne un groupe de dinosaures color\u00e9s avec de magnifiques d\u00e9tails en foil vert et cuivre.<\/p>\n<ul data-start=\"70\" data-end=\"170\">\n<li data-section-id=\"1tkjpuj\" data-start=\"70\" data-end=\"104\">\n<p data-start=\"72\" data-end=\"104\">D\u00e9tails en foil cuivre et vert<\/p>\n<\/li>\n<li data-section-id=\"goxf1t\" data-start=\"105\" data-end=\"129\">\n<p data-start=\"107\" data-end=\"129\">Lot de 16 serviettes<\/p>\n<\/li>\n<li data-section-id=\"1418r1p\" data-start=\"130\" data-end=\"170\">\n<p data-start=\"132\" data-end=\"170\">Dimensions pli\u00e9es : 16,51 x 16,51 cm<\/p>\n<\/li>\n<\/ul>\n<p data-start=\"172\" data-end=\"197\" data-is-last-node=\"\" data-is-only-node=\"\"><strong data-start=\"172\" data-end=\"190\">Code produit :<\/strong> 202232<\/p>","protected":false},"featured_media":21615,"comment_status":"open","ping_status":"closed","template":"","meta":[],"product_brand":[],"product_cat":[287,244,256],"product_tag":[],"class_list":{"0":"post-21614","1":"product","2":"type-product","3":"status-publish","4":"has-post-thumbnail","6":"product_cat-dinosaures","7":"product_cat-la-table","8":"product_cat-serviettes","10":"first","11":"instock","12":"virtual","13":"purchasable","14":"product-type-simple"},"_links":{"self":[{"href":"https:\/\/some-store.projetsweb.net\/en\/wp-json\/wp\/v2\/product\/21614","targetHints":{"allow":["GET"]}}],"collection":[{"href":"https:\/\/some-store.projetsweb.net\/en\/wp-json\/wp\/v2\/product"}],"about":[{"href":"https:\/\/some-store.projetsweb.net\/en\/wp-json\/wp\/v2\/types\/product"}],"replies":[{"embeddable":true,"href":"https:\/\/some-store.projetsweb.net\/en\/wp-json\/wp\/v2\/comments?post=21614"}],"wp:featuredmedia":[{"embeddable":true,"href":"https:\/\/some-store.projetsweb.net\/en\/wp-json\/wp\/v2\/media\/21615"}],"wp:attachment":[{"href":"https:\/\/some-store.projetsweb.net\/en\/wp-json\/wp\/v2\/media?parent=21614"}],"wp:term":[{"taxonomy":"product_brand","embeddable":true,"href":"https:\/\/some-store.projetsweb.net\/en\/wp-json\/wp\/v2\/product_brand?post=21614"},{"taxonomy":"product_cat","embeddable":true,"href":"https:\/\/some-store.projetsweb.net\/en\/wp-json\/wp\/v2\/product_cat?post=21614"},{"taxonomy":"product_tag","embeddable":true,"href":"https:\/\/some-store.projetsweb.net\/en\/wp-json\/wp\/v2\/product_tag?post=21614"}],"curies":[{"name":"wp","href":"https:\/\/api.w.org\/{rel}","templated":true}]}}