{"id":21609,"date":"2026-03-17T13:35:13","date_gmt":"2026-03-17T13:35:13","guid":{"rendered":"https:\/\/some-store.projetsweb.net\/?post_type=product&#038;p=21609"},"modified":"2026-03-17T13:35:26","modified_gmt":"2026-03-17T13:35:26","slug":"boites-a-bonbons-camion-x12","status":"publish","type":"product","link":"https:\/\/some-store.projetsweb.net\/en\/shop\/themes-occasions\/anniversaires\/par-themes\/construction\/boites-a-bonbons-camion-x12\/","title":{"rendered":"Boites \u00e0 bonbons camion x12"},"content":{"rendered":"","protected":false},"excerpt":{"rendered":"<p>Surprenez les petits fans de chantier avec cette bo\u00eete en forme de camion au design ultra fun ! \u00c0 la fois originale et ludique, elle est parfaite pour y glisser bonbons, petits cadeaux ou surprises. Id\u00e9ale pour compl\u00e9ter une f\u00eate th\u00e8me chantier et faire sensation aupr\u00e8s des enfants !<\/p>","protected":false},"featured_media":21610,"comment_status":"open","ping_status":"closed","template":"","meta":[],"product_brand":[],"product_cat":[319,286,265],"product_tag":[],"class_list":{"0":"post-21609","1":"product","2":"type-product","3":"status-publish","4":"has-post-thumbnail","6":"product_cat-boite-a-gouter","7":"product_cat-construction","8":"product_cat-sacs-cadeaux","10":"first","11":"instock","12":"virtual","13":"purchasable","14":"product-type-simple"},"_links":{"self":[{"href":"https:\/\/some-store.projetsweb.net\/en\/wp-json\/wp\/v2\/product\/21609","targetHints":{"allow":["GET"]}}],"collection":[{"href":"https:\/\/some-store.projetsweb.net\/en\/wp-json\/wp\/v2\/product"}],"about":[{"href":"https:\/\/some-store.projetsweb.net\/en\/wp-json\/wp\/v2\/types\/product"}],"replies":[{"embeddable":true,"href":"https:\/\/some-store.projetsweb.net\/en\/wp-json\/wp\/v2\/comments?post=21609"}],"wp:featuredmedia":[{"embeddable":true,"href":"https:\/\/some-store.projetsweb.net\/en\/wp-json\/wp\/v2\/media\/21610"}],"wp:attachment":[{"href":"https:\/\/some-store.projetsweb.net\/en\/wp-json\/wp\/v2\/media?parent=21609"}],"wp:term":[{"taxonomy":"product_brand","embeddable":true,"href":"https:\/\/some-store.projetsweb.net\/en\/wp-json\/wp\/v2\/product_brand?post=21609"},{"taxonomy":"product_cat","embeddable":true,"href":"https:\/\/some-store.projetsweb.net\/en\/wp-json\/wp\/v2\/product_cat?post=21609"},{"taxonomy":"product_tag","embeddable":true,"href":"https:\/\/some-store.projetsweb.net\/en\/wp-json\/wp\/v2\/product_tag?post=21609"}],"curies":[{"name":"wp","href":"https:\/\/api.w.org\/{rel}","templated":true}]}}