{"id":21606,"date":"2026-03-17T13:33:11","date_gmt":"2026-03-17T13:33:11","guid":{"rendered":"https:\/\/some-store.projetsweb.net\/?post_type=product&#038;p=21606"},"modified":"2026-03-17T13:33:11","modified_gmt":"2026-03-17T13:33:11","slug":"centres-de-table-construction-x8","status":"publish","type":"product","link":"https:\/\/some-store.projetsweb.net\/en\/shop\/themes-occasions\/anniversaires\/par-themes\/construction\/centres-de-table-construction-x8\/","title":{"rendered":"Centres de table construction x8"},"content":{"rendered":"","protected":false},"excerpt":{"rendered":"<p>Apportez une ambiance spectaculaire \u00e0 votre f\u00eate avec ces centres de table th\u00e8me chantier ! Avec leurs formes d\u2019engins de construction et leurs bases en papier alv\u00e9ol\u00e9, ils cr\u00e9ent un effet 3D ultra fun qui attire tous les regards. Parfaits pour d\u00e9corer votre table et plonger les enfants dans une v\u00e9ritable zone de chantier !<\/p>","protected":false},"featured_media":21607,"comment_status":"open","ping_status":"closed","template":"","meta":[],"product_brand":[],"product_cat":[259,286],"product_tag":[],"class_list":{"0":"post-21606","1":"product","2":"type-product","3":"status-publish","4":"has-post-thumbnail","6":"product_cat-centres-de-table","7":"product_cat-construction","9":"first","10":"instock","11":"virtual","12":"purchasable","13":"product-type-simple"},"_links":{"self":[{"href":"https:\/\/some-store.projetsweb.net\/en\/wp-json\/wp\/v2\/product\/21606","targetHints":{"allow":["GET"]}}],"collection":[{"href":"https:\/\/some-store.projetsweb.net\/en\/wp-json\/wp\/v2\/product"}],"about":[{"href":"https:\/\/some-store.projetsweb.net\/en\/wp-json\/wp\/v2\/types\/product"}],"replies":[{"embeddable":true,"href":"https:\/\/some-store.projetsweb.net\/en\/wp-json\/wp\/v2\/comments?post=21606"}],"wp:featuredmedia":[{"embeddable":true,"href":"https:\/\/some-store.projetsweb.net\/en\/wp-json\/wp\/v2\/media\/21607"}],"wp:attachment":[{"href":"https:\/\/some-store.projetsweb.net\/en\/wp-json\/wp\/v2\/media?parent=21606"}],"wp:term":[{"taxonomy":"product_brand","embeddable":true,"href":"https:\/\/some-store.projetsweb.net\/en\/wp-json\/wp\/v2\/product_brand?post=21606"},{"taxonomy":"product_cat","embeddable":true,"href":"https:\/\/some-store.projetsweb.net\/en\/wp-json\/wp\/v2\/product_cat?post=21606"},{"taxonomy":"product_tag","embeddable":true,"href":"https:\/\/some-store.projetsweb.net\/en\/wp-json\/wp\/v2\/product_tag?post=21606"}],"curies":[{"name":"wp","href":"https:\/\/api.w.org\/{rel}","templated":true}]}}