{"id":21595,"date":"2026-03-17T13:19:52","date_gmt":"2026-03-17T13:19:52","guid":{"rendered":"https:\/\/some-store.projetsweb.net\/?post_type=product&#038;p=21595"},"modified":"2026-03-26T12:22:40","modified_gmt":"2026-03-26T12:22:40","slug":"cupcake-kit-construction-x24-toppers","status":"publish","type":"product","link":"https:\/\/some-store.projetsweb.net\/en\/shop\/themes-occasions\/anniversaires\/par-themes\/construction\/cupcake-kit-construction-x24-toppers\/","title":{"rendered":"Cupcake kit construction (x24 toppers)"},"content":{"rendered":"","protected":false},"excerpt":{"rendered":"<p>Ce fabuleux kit \u00e0 cupcakes est parfait pour r\u00e9aliser de d\u00e9licieuses douceurs pour un enfant passionn\u00e9 d\u2019engins de chantier ! Il comprend 24 toppers r\u00e9partis en 4 designs, ainsi que 24 caissettes en 2 designs pour une pr\u00e9sentation aussi gourmande que spectaculaire.<\/p>\n<ul data-start=\"70\" data-end=\"436\">\n<li data-section-id=\"19hna0q\" data-start=\"70\" data-end=\"168\">\n<p data-start=\"72\" data-end=\"168\">24 toppers avec 4 designs d\u2019engins de construction, avec d\u00e9tails en foil holographique argent\u00e9<\/p>\n<\/li>\n<li data-section-id=\"femrf7\" data-start=\"169\" data-end=\"227\">\n<p data-start=\"171\" data-end=\"227\">24 caissettes \u00e0 cupcakes \u00e0 rayures avec effet brillant<\/p>\n<\/li>\n<li data-section-id=\"3z76jb\" data-start=\"228\" data-end=\"348\">\n<p data-start=\"230\" data-end=\"348\">Pr\u00e9sent\u00e9 dans une bo\u00eete en forme d\u2019engin de chantier avec d\u00e9tails en foil holographique argent\u00e9, id\u00e9ale comme cadeau<\/p>\n<\/li>\n<li data-section-id=\"12vpofn\" data-start=\"349\" data-end=\"382\">\n<p data-start=\"351\" data-end=\"382\">Lot de 24 toppers (4 designs)<\/p>\n<\/li>\n<li data-section-id=\"ol4fpf\" data-start=\"383\" data-end=\"436\">\n<p data-start=\"385\" data-end=\"436\">Dimensions des caissettes : 6,35 x 3,18 x 6,35 cm<\/p>\n<\/li>\n<\/ul>\n<p data-start=\"438\" data-end=\"463\" data-is-last-node=\"\" data-is-only-node=\"\"><strong data-start=\"438\" data-end=\"456\">Code produit :<\/strong> 215056<\/p>","protected":false},"featured_media":21596,"comment_status":"open","ping_status":"closed","template":"","meta":[],"product_brand":[],"product_cat":[286,326,267],"product_tag":[],"class_list":{"0":"post-21595","1":"product","2":"type-product","3":"status-publish","4":"has-post-thumbnail","6":"product_cat-construction","7":"product_cat-cupcake-kit","8":"product_cat-toppers","10":"first","11":"instock","12":"virtual","13":"purchasable","14":"product-type-simple"},"_links":{"self":[{"href":"https:\/\/some-store.projetsweb.net\/en\/wp-json\/wp\/v2\/product\/21595","targetHints":{"allow":["GET"]}}],"collection":[{"href":"https:\/\/some-store.projetsweb.net\/en\/wp-json\/wp\/v2\/product"}],"about":[{"href":"https:\/\/some-store.projetsweb.net\/en\/wp-json\/wp\/v2\/types\/product"}],"replies":[{"embeddable":true,"href":"https:\/\/some-store.projetsweb.net\/en\/wp-json\/wp\/v2\/comments?post=21595"}],"wp:featuredmedia":[{"embeddable":true,"href":"https:\/\/some-store.projetsweb.net\/en\/wp-json\/wp\/v2\/media\/21596"}],"wp:attachment":[{"href":"https:\/\/some-store.projetsweb.net\/en\/wp-json\/wp\/v2\/media?parent=21595"}],"wp:term":[{"taxonomy":"product_brand","embeddable":true,"href":"https:\/\/some-store.projetsweb.net\/en\/wp-json\/wp\/v2\/product_brand?post=21595"},{"taxonomy":"product_cat","embeddable":true,"href":"https:\/\/some-store.projetsweb.net\/en\/wp-json\/wp\/v2\/product_cat?post=21595"},{"taxonomy":"product_tag","embeddable":true,"href":"https:\/\/some-store.projetsweb.net\/en\/wp-json\/wp\/v2\/product_tag?post=21595"}],"curies":[{"name":"wp","href":"https:\/\/api.w.org\/{rel}","templated":true}]}}