{"id":21592,"date":"2026-03-17T13:16:55","date_gmt":"2026-03-17T13:16:55","guid":{"rendered":"https:\/\/some-store.projetsweb.net\/?post_type=product&#038;p=21592"},"modified":"2026-03-17T13:16:55","modified_gmt":"2026-03-17T13:16:55","slug":"sacs-cadeaux-construction-x8","status":"publish","type":"product","link":"https:\/\/some-store.projetsweb.net\/en\/shop\/themes-occasions\/anniversaires\/par-themes\/construction\/sacs-cadeaux-construction-x8\/","title":{"rendered":"Sacs cadeaux construction x8"},"content":{"rendered":"","protected":false},"excerpt":{"rendered":"<p>Vos invit\u00e9s seront ravis de recevoir ces sacs cadeaux color\u00e9s, parfaits pour y glisser surprises et petites attentions. Ils pourront m\u00eame les accrocher fi\u00e8rement dans leur chambre pour y ranger leurs tr\u00e9sors. Id\u00e9als aussi comme sacs cadeaux pour une f\u00eate r\u00e9ussie !<\/p>\n<div class=\"flex flex-col text-sm pb-25\">\n<article class=\"text-token-text-primary w-full focus:outline-none [--shadow-height:45px] has-data-writing-block:pointer-events-none has-data-writing-block:-mt-(--shadow-height) has-data-writing-block:pt-(--shadow-height) [&amp;:has([data-writing-block])&gt;*]:pointer-events-auto scroll-mt-[calc(var(--header-height)+min(200px,max(70px,20svh)))]\" dir=\"auto\" tabindex=\"-1\" data-turn-id=\"request-69b9199e-64cc-8328-8b36-6f88b2cbddd1-27\" data-testid=\"conversation-turn-86\" data-scroll-anchor=\"true\" data-turn=\"assistant\">\n<div class=\"text-base my-auto mx-auto pb-10 [--thread-content-margin:var(--thread-content-margin-xs,calc(var(--spacing)*4))] @w-sm\/main:[--thread-content-margin:var(--thread-content-margin-sm,calc(var(--spacing)*6))] @w-lg\/main:[--thread-content-margin:var(--thread-content-margin-lg,calc(var(--spacing)*16))] px-(--thread-content-margin)\">\n<div class=\"[--thread-content-max-width:40rem] @w-lg\/main:[--thread-content-max-width:48rem] mx-auto max-w-(--thread-content-max-width) flex-1 group\/turn-messages focus-visible:outline-hidden relative flex w-full min-w-0 flex-col agent-turn\" tabindex=\"-1\">\n<div class=\"flex max-w-full flex-col gap-4 grow\">\n<div class=\"min-h-8 text-message relative flex w-full flex-col items-end gap-2 text-start break-words whitespace-normal [.text-message+&amp;]:mt-1\" dir=\"auto\" data-message-author-role=\"assistant\" data-message-id=\"faea3aef-278c-4d05-88e2-74e875aec730\" data-message-model-slug=\"gpt-5-3\">\n<div class=\"flex w-full flex-col gap-1 empty:hidden\">\n<div class=\"markdown prose dark:prose-invert w-full wrap-break-word light markdown-new-styling\">\n<ul data-start=\"70\" data-end=\"213\">\n<li data-section-id=\"1ytprmr\" data-start=\"70\" data-end=\"111\">\n<p data-start=\"72\" data-end=\"111\">D\u00e9tails en foil holographique argent\u00e9<\/p>\n<\/li>\n<li data-section-id=\"1xlcx0j\" data-start=\"112\" data-end=\"155\">\n<p data-start=\"114\" data-end=\"155\">Anses en papier torsad\u00e9 orange et blanc<\/p>\n<\/li>\n<li data-section-id=\"i327ok\" data-start=\"156\" data-end=\"173\">\n<p data-start=\"158\" data-end=\"173\">Lot de 8 sacs<\/p>\n<\/li>\n<li data-section-id=\"lc6xx2\" data-start=\"174\" data-end=\"213\">\n<p data-start=\"176\" data-end=\"213\">Dimensions : 12,7 x 15,24 x 7,62 cm<\/p>\n<\/li>\n<\/ul>\n<p data-start=\"215\" data-end=\"240\" data-is-last-node=\"\" data-is-only-node=\"\"><strong data-start=\"215\" data-end=\"233\">Code produit :<\/strong> 267835<\/p>\n<\/div>\n<\/div>\n<\/div>\n<\/div>\n<div class=\"z-0 flex min-h-[46px] justify-start\"><\/div>\n<div class=\"mt-3 w-full empty:hidden\">\n<div class=\"text-center\"><\/div>\n<\/div>\n<\/div>\n<\/div>\n<\/article>\n<\/div>\n<div class=\"pointer-events-none h-px w-px absolute bottom-0\" aria-hidden=\"true\" data-edge=\"true\"><\/div>\n","protected":false},"featured_media":21593,"comment_status":"open","ping_status":"closed","template":"","meta":[],"product_brand":[],"product_cat":[286,246,265],"product_tag":[],"class_list":{"0":"post-21592","1":"product","2":"type-product","3":"status-publish","4":"has-post-thumbnail","6":"product_cat-construction","7":"product_cat-les-cadeaux-de-retour","8":"product_cat-sacs-cadeaux","10":"first","11":"instock","12":"virtual","13":"purchasable","14":"product-type-simple"},"_links":{"self":[{"href":"https:\/\/some-store.projetsweb.net\/en\/wp-json\/wp\/v2\/product\/21592","targetHints":{"allow":["GET"]}}],"collection":[{"href":"https:\/\/some-store.projetsweb.net\/en\/wp-json\/wp\/v2\/product"}],"about":[{"href":"https:\/\/some-store.projetsweb.net\/en\/wp-json\/wp\/v2\/types\/product"}],"replies":[{"embeddable":true,"href":"https:\/\/some-store.projetsweb.net\/en\/wp-json\/wp\/v2\/comments?post=21592"}],"wp:featuredmedia":[{"embeddable":true,"href":"https:\/\/some-store.projetsweb.net\/en\/wp-json\/wp\/v2\/media\/21593"}],"wp:attachment":[{"href":"https:\/\/some-store.projetsweb.net\/en\/wp-json\/wp\/v2\/media?parent=21592"}],"wp:term":[{"taxonomy":"product_brand","embeddable":true,"href":"https:\/\/some-store.projetsweb.net\/en\/wp-json\/wp\/v2\/product_brand?post=21592"},{"taxonomy":"product_cat","embeddable":true,"href":"https:\/\/some-store.projetsweb.net\/en\/wp-json\/wp\/v2\/product_cat?post=21592"},{"taxonomy":"product_tag","embeddable":true,"href":"https:\/\/some-store.projetsweb.net\/en\/wp-json\/wp\/v2\/product_tag?post=21592"}],"curies":[{"name":"wp","href":"https:\/\/api.w.org\/{rel}","templated":true}]}}