{"id":21590,"date":"2026-03-17T13:13:10","date_gmt":"2026-03-17T13:13:10","guid":{"rendered":"https:\/\/some-store.projetsweb.net\/?post_type=product&#038;p=21590"},"modified":"2026-03-17T13:13:10","modified_gmt":"2026-03-17T13:13:10","slug":"presentoir-construction","status":"publish","type":"product","link":"https:\/\/some-store.projetsweb.net\/en\/shop\/themes-occasions\/anniversaires\/par-themes\/construction\/presentoir-construction\/","title":{"rendered":"Pr\u00e9sentoir construction"},"content":{"rendered":"","protected":false},"excerpt":{"rendered":"<p>Mettez en sc\u00e8ne vos douceurs avec ce pr\u00e9sentoir \u00e0 cupcakes th\u00e8me chantier au design spectaculaire ! Avec ses diff\u00e9rents niveaux d\u00e9cor\u00e9s d\u2019engins de construction et ses d\u00e9tails immersifs, il transforme votre table en v\u00e9ritable zone de chantier. Parfait pour exposer g\u00e2teaux, cupcakes et friandises avec originalit\u00e9 et effet \u201cwaouh\u201d garanti !<\/p>","protected":false},"featured_media":21591,"comment_status":"open","ping_status":"closed","template":"","meta":[],"product_brand":[],"product_cat":[259,286,255],"product_tag":[],"class_list":{"0":"post-21590","1":"product","2":"type-product","3":"status-publish","4":"has-post-thumbnail","6":"product_cat-centres-de-table","7":"product_cat-construction","8":"product_cat-presentoires","10":"first","11":"instock","12":"virtual","13":"purchasable","14":"product-type-simple"},"_links":{"self":[{"href":"https:\/\/some-store.projetsweb.net\/en\/wp-json\/wp\/v2\/product\/21590","targetHints":{"allow":["GET"]}}],"collection":[{"href":"https:\/\/some-store.projetsweb.net\/en\/wp-json\/wp\/v2\/product"}],"about":[{"href":"https:\/\/some-store.projetsweb.net\/en\/wp-json\/wp\/v2\/types\/product"}],"replies":[{"embeddable":true,"href":"https:\/\/some-store.projetsweb.net\/en\/wp-json\/wp\/v2\/comments?post=21590"}],"wp:featuredmedia":[{"embeddable":true,"href":"https:\/\/some-store.projetsweb.net\/en\/wp-json\/wp\/v2\/media\/21591"}],"wp:attachment":[{"href":"https:\/\/some-store.projetsweb.net\/en\/wp-json\/wp\/v2\/media?parent=21590"}],"wp:term":[{"taxonomy":"product_brand","embeddable":true,"href":"https:\/\/some-store.projetsweb.net\/en\/wp-json\/wp\/v2\/product_brand?post=21590"},{"taxonomy":"product_cat","embeddable":true,"href":"https:\/\/some-store.projetsweb.net\/en\/wp-json\/wp\/v2\/product_cat?post=21590"},{"taxonomy":"product_tag","embeddable":true,"href":"https:\/\/some-store.projetsweb.net\/en\/wp-json\/wp\/v2\/product_tag?post=21590"}],"curies":[{"name":"wp","href":"https:\/\/api.w.org\/{rel}","templated":true}]}}