{"id":21588,"date":"2026-03-17T13:11:11","date_gmt":"2026-03-17T13:11:11","guid":{"rendered":"https:\/\/some-store.projetsweb.net\/?post_type=product&#038;p=21588"},"modified":"2026-03-17T13:11:11","modified_gmt":"2026-03-17T13:11:11","slug":"serviettes-construction-x20","status":"publish","type":"product","link":"https:\/\/some-store.projetsweb.net\/en\/shop\/themes-occasions\/anniversaires\/par-themes\/construction\/serviettes-construction-x20\/","title":{"rendered":"Serviettes construction x20"},"content":{"rendered":"","protected":false},"excerpt":{"rendered":"<p>Ajoutez la touche finale \u00e0 votre table avec ces serviettes th\u00e8me chantier au design dynamique ! Avec leurs illustrations d\u2019engins de construction et leurs couleurs vibrantes, elles plongent les enfants dans une v\u00e9ritable ambiance de chantier. \u00c0 la fois pratiques et d\u00e9coratives, elles sont indispensables pour une f\u00eate r\u00e9ussie !<\/p>","protected":false},"featured_media":21589,"comment_status":"open","ping_status":"closed","template":"","meta":[],"product_brand":[],"product_cat":[286,256],"product_tag":[],"class_list":{"0":"post-21588","1":"product","2":"type-product","3":"status-publish","4":"has-post-thumbnail","6":"product_cat-construction","7":"product_cat-serviettes","9":"first","10":"instock","11":"virtual","12":"purchasable","13":"product-type-simple"},"_links":{"self":[{"href":"https:\/\/some-store.projetsweb.net\/en\/wp-json\/wp\/v2\/product\/21588","targetHints":{"allow":["GET"]}}],"collection":[{"href":"https:\/\/some-store.projetsweb.net\/en\/wp-json\/wp\/v2\/product"}],"about":[{"href":"https:\/\/some-store.projetsweb.net\/en\/wp-json\/wp\/v2\/types\/product"}],"replies":[{"embeddable":true,"href":"https:\/\/some-store.projetsweb.net\/en\/wp-json\/wp\/v2\/comments?post=21588"}],"wp:featuredmedia":[{"embeddable":true,"href":"https:\/\/some-store.projetsweb.net\/en\/wp-json\/wp\/v2\/media\/21589"}],"wp:attachment":[{"href":"https:\/\/some-store.projetsweb.net\/en\/wp-json\/wp\/v2\/media?parent=21588"}],"wp:term":[{"taxonomy":"product_brand","embeddable":true,"href":"https:\/\/some-store.projetsweb.net\/en\/wp-json\/wp\/v2\/product_brand?post=21588"},{"taxonomy":"product_cat","embeddable":true,"href":"https:\/\/some-store.projetsweb.net\/en\/wp-json\/wp\/v2\/product_cat?post=21588"},{"taxonomy":"product_tag","embeddable":true,"href":"https:\/\/some-store.projetsweb.net\/en\/wp-json\/wp\/v2\/product_tag?post=21588"}],"curies":[{"name":"wp","href":"https:\/\/api.w.org\/{rel}","templated":true}]}}