{"id":21584,"date":"2026-03-17T13:07:08","date_gmt":"2026-03-17T13:07:08","guid":{"rendered":"https:\/\/some-store.projetsweb.net\/?post_type=product&#038;p=21584"},"modified":"2026-03-17T13:07:09","modified_gmt":"2026-03-17T13:07:09","slug":"assiettes-a-dessert-construction-x16","status":"publish","type":"product","link":"https:\/\/some-store.projetsweb.net\/en\/shop\/themes-occasions\/anniversaires\/par-themes\/construction\/assiettes-a-dessert-construction-x16\/","title":{"rendered":"Assiettes \u00e0 dessert construction x16"},"content":{"rendered":"","protected":false},"excerpt":{"rendered":"<p>Apportez une touche fun et gourmande \u00e0 votre table avec ces assiettes \u00e0 dessert th\u00e8me chantier ! Avec leurs illustrations d\u2019engins de construction et leurs d\u00e9tails color\u00e9s, elles raviront les petits passionn\u00e9s tout en ajoutant une ambiance ludique \u00e0 votre f\u00eate. Parfaites pour servir g\u00e2teaux et douceurs avec style !<\/p>","protected":false},"featured_media":21585,"comment_status":"open","ping_status":"closed","template":"","meta":[],"product_brand":[],"product_cat":[248,286,244],"product_tag":[],"class_list":{"0":"post-21584","1":"product","2":"type-product","3":"status-publish","4":"has-post-thumbnail","6":"product_cat-assiettes","7":"product_cat-construction","8":"product_cat-la-table","10":"first","11":"instock","12":"virtual","13":"purchasable","14":"product-type-simple"},"_links":{"self":[{"href":"https:\/\/some-store.projetsweb.net\/en\/wp-json\/wp\/v2\/product\/21584","targetHints":{"allow":["GET"]}}],"collection":[{"href":"https:\/\/some-store.projetsweb.net\/en\/wp-json\/wp\/v2\/product"}],"about":[{"href":"https:\/\/some-store.projetsweb.net\/en\/wp-json\/wp\/v2\/types\/product"}],"replies":[{"embeddable":true,"href":"https:\/\/some-store.projetsweb.net\/en\/wp-json\/wp\/v2\/comments?post=21584"}],"wp:featuredmedia":[{"embeddable":true,"href":"https:\/\/some-store.projetsweb.net\/en\/wp-json\/wp\/v2\/media\/21585"}],"wp:attachment":[{"href":"https:\/\/some-store.projetsweb.net\/en\/wp-json\/wp\/v2\/media?parent=21584"}],"wp:term":[{"taxonomy":"product_brand","embeddable":true,"href":"https:\/\/some-store.projetsweb.net\/en\/wp-json\/wp\/v2\/product_brand?post=21584"},{"taxonomy":"product_cat","embeddable":true,"href":"https:\/\/some-store.projetsweb.net\/en\/wp-json\/wp\/v2\/product_cat?post=21584"},{"taxonomy":"product_tag","embeddable":true,"href":"https:\/\/some-store.projetsweb.net\/en\/wp-json\/wp\/v2\/product_tag?post=21584"}],"curies":[{"name":"wp","href":"https:\/\/api.w.org\/{rel}","templated":true}]}}