{"id":21578,"date":"2026-03-17T12:59:15","date_gmt":"2026-03-17T12:59:15","guid":{"rendered":"https:\/\/some-store.projetsweb.net\/?post_type=product&#038;p=21578"},"modified":"2026-03-17T12:59:15","modified_gmt":"2026-03-17T12:59:15","slug":"guirlande-construction","status":"publish","type":"product","link":"https:\/\/some-store.projetsweb.net\/en\/shop\/themes-occasions\/anniversaires\/par-themes\/construction\/guirlande-construction\/","title":{"rendered":"Guirlande construction"},"content":{"rendered":"","protected":false},"excerpt":{"rendered":"<p>Transformez votre espace de f\u00eate, ou m\u00eame une chambre, en v\u00e9ritable zone de chantier avec cette guirlande color\u00e9e ! Elle met en sc\u00e8ne de jolis v\u00e9hicules illustr\u00e9s, sublim\u00e9s par des effets 3D en papier alv\u00e9ol\u00e9 et de superbes d\u00e9tails brillants effet foil argent\u00e9.<\/p>\n<ul data-start=\"70\" data-end=\"379\">\n<li data-section-id=\"1xcfp0\" data-start=\"70\" data-end=\"104\">\n<p data-start=\"72\" data-end=\"104\">D\u00e9tails en papier alv\u00e9ol\u00e9 bleu<\/p>\n<\/li>\n<li data-section-id=\"s96pm8\" data-start=\"105\" data-end=\"159\">\n<p data-start=\"107\" data-end=\"159\">Attaches blanches pour maintenir le papier alv\u00e9ol\u00e9<\/p>\n<\/li>\n<li data-section-id=\"1ytprmr\" data-start=\"160\" data-end=\"201\">\n<p data-start=\"162\" data-end=\"201\">D\u00e9tails en foil holographique argent\u00e9<\/p>\n<\/li>\n<li data-section-id=\"mq2q4f\" data-start=\"202\" data-end=\"236\">\n<p data-start=\"204\" data-end=\"236\">Cordon rond m\u00e9tallique argent\u00e9<\/p>\n<\/li>\n<li data-section-id=\"1bbjd5q\" data-start=\"237\" data-end=\"257\">\n<p data-start=\"239\" data-end=\"257\">Cordon rond noir<\/p>\n<\/li>\n<li data-section-id=\"b0dfou\" data-start=\"258\" data-end=\"299\">\n<p data-start=\"260\" data-end=\"299\">Assemblage simple \u00e0 r\u00e9aliser soi-m\u00eame<\/p>\n<\/li>\n<li data-section-id=\"1ygndmn\" data-start=\"300\" data-end=\"337\">\n<p data-start=\"302\" data-end=\"337\">Longueur de la guirlande : 3,05 m<\/p>\n<\/li>\n<li data-section-id=\"yx92jp\" data-start=\"338\" data-end=\"379\">\n<p data-start=\"340\" data-end=\"379\">Longueur totale avec ficelle : 4,27 m<\/p>\n<\/li>\n<\/ul>\n<p data-start=\"381\" data-end=\"406\" data-is-last-node=\"\" data-is-only-node=\"\"><strong data-start=\"381\" data-end=\"399\">Code produit :<\/strong> 223830<\/p>","protected":false},"featured_media":21579,"comment_status":"open","ping_status":"closed","template":"","meta":[],"product_brand":[],"product_cat":[286,263],"product_tag":[],"class_list":{"0":"post-21578","1":"product","2":"type-product","3":"status-publish","4":"has-post-thumbnail","6":"product_cat-construction","7":"product_cat-guirlandes-la-decoration","9":"first","10":"instock","11":"virtual","12":"purchasable","13":"product-type-simple"},"_links":{"self":[{"href":"https:\/\/some-store.projetsweb.net\/en\/wp-json\/wp\/v2\/product\/21578","targetHints":{"allow":["GET"]}}],"collection":[{"href":"https:\/\/some-store.projetsweb.net\/en\/wp-json\/wp\/v2\/product"}],"about":[{"href":"https:\/\/some-store.projetsweb.net\/en\/wp-json\/wp\/v2\/types\/product"}],"replies":[{"embeddable":true,"href":"https:\/\/some-store.projetsweb.net\/en\/wp-json\/wp\/v2\/comments?post=21578"}],"wp:featuredmedia":[{"embeddable":true,"href":"https:\/\/some-store.projetsweb.net\/en\/wp-json\/wp\/v2\/media\/21579"}],"wp:attachment":[{"href":"https:\/\/some-store.projetsweb.net\/en\/wp-json\/wp\/v2\/media?parent=21578"}],"wp:term":[{"taxonomy":"product_brand","embeddable":true,"href":"https:\/\/some-store.projetsweb.net\/en\/wp-json\/wp\/v2\/product_brand?post=21578"},{"taxonomy":"product_cat","embeddable":true,"href":"https:\/\/some-store.projetsweb.net\/en\/wp-json\/wp\/v2\/product_cat?post=21578"},{"taxonomy":"product_tag","embeddable":true,"href":"https:\/\/some-store.projetsweb.net\/en\/wp-json\/wp\/v2\/product_tag?post=21578"}],"curies":[{"name":"wp","href":"https:\/\/api.w.org\/{rel}","templated":true}]}}