{"id":21573,"date":"2026-03-17T12:50:16","date_gmt":"2026-03-17T12:50:16","guid":{"rendered":"https:\/\/some-store.projetsweb.net\/?post_type=product&#038;p=21573"},"modified":"2026-03-17T12:50:16","modified_gmt":"2026-03-17T12:50:16","slug":"assiettes-en-forme-de-camion-x8","status":"publish","type":"product","link":"https:\/\/some-store.projetsweb.net\/en\/shop\/themes-occasions\/anniversaires\/par-themes\/construction\/assiettes-en-forme-de-camion-x8\/","title":{"rendered":"Assiettes en forme de camion x8"},"content":{"rendered":"","protected":false},"excerpt":{"rendered":"<p>Les enfants fans de gros engins de chantier vont adorer ces assiettes en papier en forme de camion benne ! Magnifiquement con\u00e7ues avec de nombreux d\u00e9tails brillants effet foil, elles apporteront une touche spectaculaire \u00e0 votre table de f\u00eate.<\/p>\n<ul data-start=\"70\" data-end=\"230\">\n<li data-section-id=\"xvs447\" data-start=\"70\" data-end=\"120\">\n<p data-start=\"72\" data-end=\"120\">Nombreux d\u00e9tails en foil holographique argent\u00e9<\/p>\n<\/li>\n<li data-section-id=\"1cjip3k\" data-start=\"121\" data-end=\"173\">\n<p data-start=\"123\" data-end=\"173\">Papier 450 g\/m\u00b2, \u00e0 la fois r\u00e9sistant et pratique<\/p>\n<\/li>\n<li data-section-id=\"1yw396l\" data-start=\"174\" data-end=\"196\">\n<p data-start=\"176\" data-end=\"196\">Lot de 8 assiettes<\/p>\n<\/li>\n<li data-section-id=\"pdy4f4\" data-start=\"197\" data-end=\"230\">\n<p data-start=\"199\" data-end=\"230\">Dimensions : 29,21 x 18,42 cm<\/p>\n<\/li>\n<\/ul>\n<p data-start=\"232\" data-end=\"257\" data-is-last-node=\"\" data-is-only-node=\"\"><strong data-start=\"232\" data-end=\"250\">Code produit :<\/strong> 214831<\/p>","protected":false},"featured_media":21574,"comment_status":"open","ping_status":"closed","template":"","meta":[],"product_brand":[],"product_cat":[248,286,244],"product_tag":[],"class_list":{"0":"post-21573","1":"product","2":"type-product","3":"status-publish","4":"has-post-thumbnail","6":"product_cat-assiettes","7":"product_cat-construction","8":"product_cat-la-table","10":"first","11":"instock","12":"virtual","13":"purchasable","14":"product-type-simple"},"_links":{"self":[{"href":"https:\/\/some-store.projetsweb.net\/en\/wp-json\/wp\/v2\/product\/21573","targetHints":{"allow":["GET"]}}],"collection":[{"href":"https:\/\/some-store.projetsweb.net\/en\/wp-json\/wp\/v2\/product"}],"about":[{"href":"https:\/\/some-store.projetsweb.net\/en\/wp-json\/wp\/v2\/types\/product"}],"replies":[{"embeddable":true,"href":"https:\/\/some-store.projetsweb.net\/en\/wp-json\/wp\/v2\/comments?post=21573"}],"wp:featuredmedia":[{"embeddable":true,"href":"https:\/\/some-store.projetsweb.net\/en\/wp-json\/wp\/v2\/media\/21574"}],"wp:attachment":[{"href":"https:\/\/some-store.projetsweb.net\/en\/wp-json\/wp\/v2\/media?parent=21573"}],"wp:term":[{"taxonomy":"product_brand","embeddable":true,"href":"https:\/\/some-store.projetsweb.net\/en\/wp-json\/wp\/v2\/product_brand?post=21573"},{"taxonomy":"product_cat","embeddable":true,"href":"https:\/\/some-store.projetsweb.net\/en\/wp-json\/wp\/v2\/product_cat?post=21573"},{"taxonomy":"product_tag","embeddable":true,"href":"https:\/\/some-store.projetsweb.net\/en\/wp-json\/wp\/v2\/product_tag?post=21573"}],"curies":[{"name":"wp","href":"https:\/\/api.w.org\/{rel}","templated":true}]}}