{"id":21570,"date":"2026-03-17T12:46:46","date_gmt":"2026-03-17T12:46:46","guid":{"rendered":"https:\/\/some-store.projetsweb.net\/?post_type=product&#038;p=21570"},"modified":"2026-03-17T12:46:46","modified_gmt":"2026-03-17T12:46:46","slug":"serviettes-en-forme-de-coeurs-x16","status":"publish","type":"product","link":"https:\/\/some-store.projetsweb.net\/en\/shop\/themes-occasions\/anniversaires\/par-themes\/coeurs\/serviettes-en-forme-de-coeurs-x16\/","title":{"rendered":"Serviettes en forme de c\u0153urs (x16)"},"content":{"rendered":"","protected":false},"excerpt":{"rendered":"<p>On craque pour ces \u00e9l\u00e9gantes serviettes en forme de c\u0153ur qui apporteront une touche ultra chic \u00e0 votre table de f\u00eate. Parfaites pour la Saint-Valentin, un Galentine\u2019s, des fian\u00e7ailles ou un moment sp\u00e9cial \u00e0 partager avec vos proches.<\/p>\n<ul data-start=\"70\" data-end=\"327\">\n<li data-section-id=\"1ndln93\" data-start=\"70\" data-end=\"120\">\n<p data-start=\"72\" data-end=\"120\">Papier 3 plis, \u00e0 la fois pratique et d\u00e9coratif<\/p>\n<\/li>\n<li data-section-id=\"m9id0v\" data-start=\"121\" data-end=\"202\">\n<p data-start=\"123\" data-end=\"202\">8 coloris : rose p\u00e2le, rose, rose fonc\u00e9, ivoire, jaune, p\u00eache, menthe et bleu<\/p>\n<\/li>\n<li data-section-id=\"1kyto64\" data-start=\"203\" data-end=\"236\">\n<p data-start=\"205\" data-end=\"236\">Bordure avec d\u00e9tails assortis<\/p>\n<\/li>\n<li data-section-id=\"1dxaxrn\" data-start=\"237\" data-end=\"286\">\n<p data-start=\"239\" data-end=\"286\">Lot de 16 serviettes (8 couleurs diff\u00e9rentes)<\/p>\n<\/li>\n<li data-section-id=\"5seog2\" data-start=\"287\" data-end=\"327\">\n<p data-start=\"289\" data-end=\"327\">Dimensions pli\u00e9es : 12,38 x 11,43 cm<\/p>\n<\/li>\n<\/ul>\n<p data-start=\"329\" data-end=\"354\" data-is-last-node=\"\" data-is-only-node=\"\"><strong data-start=\"329\" data-end=\"347\">Code produit :<\/strong> 273587<\/p>","protected":false},"featured_media":21571,"comment_status":"open","ping_status":"closed","template":"","meta":[],"product_brand":[],"product_cat":[285,244,256],"product_tag":[],"class_list":{"0":"post-21570","1":"product","2":"type-product","3":"status-publish","4":"has-post-thumbnail","6":"product_cat-coeurs","7":"product_cat-la-table","8":"product_cat-serviettes","10":"first","11":"instock","12":"virtual","13":"purchasable","14":"product-type-simple"},"_links":{"self":[{"href":"https:\/\/some-store.projetsweb.net\/en\/wp-json\/wp\/v2\/product\/21570","targetHints":{"allow":["GET"]}}],"collection":[{"href":"https:\/\/some-store.projetsweb.net\/en\/wp-json\/wp\/v2\/product"}],"about":[{"href":"https:\/\/some-store.projetsweb.net\/en\/wp-json\/wp\/v2\/types\/product"}],"replies":[{"embeddable":true,"href":"https:\/\/some-store.projetsweb.net\/en\/wp-json\/wp\/v2\/comments?post=21570"}],"wp:featuredmedia":[{"embeddable":true,"href":"https:\/\/some-store.projetsweb.net\/en\/wp-json\/wp\/v2\/media\/21571"}],"wp:attachment":[{"href":"https:\/\/some-store.projetsweb.net\/en\/wp-json\/wp\/v2\/media?parent=21570"}],"wp:term":[{"taxonomy":"product_brand","embeddable":true,"href":"https:\/\/some-store.projetsweb.net\/en\/wp-json\/wp\/v2\/product_brand?post=21570"},{"taxonomy":"product_cat","embeddable":true,"href":"https:\/\/some-store.projetsweb.net\/en\/wp-json\/wp\/v2\/product_cat?post=21570"},{"taxonomy":"product_tag","embeddable":true,"href":"https:\/\/some-store.projetsweb.net\/en\/wp-json\/wp\/v2\/product_tag?post=21570"}],"curies":[{"name":"wp","href":"https:\/\/api.w.org\/{rel}","templated":true}]}}