{"id":21560,"date":"2026-03-17T12:33:50","date_gmt":"2026-03-17T12:33:50","guid":{"rendered":"https:\/\/some-store.projetsweb.net\/?post_type=product&#038;p=21560"},"modified":"2026-03-21T15:21:08","modified_gmt":"2026-03-21T15:21:08","slug":"tatouages-ballerine","status":"publish","type":"product","link":"https:\/\/some-store.projetsweb.net\/en\/shop\/themes-occasions\/anniversaires\/par-themes\/ballerine-par-themes\/tatouages-ballerine\/","title":{"rendered":"Tatouages ballerine"},"content":{"rendered":"","protected":false},"excerpt":{"rendered":"<p>Adoptez un look \u201cdancetastic\u201d avec nos magnifiques tatouages de danseuses ! Parfaits pour une activit\u00e9 lors d\u2019une f\u00eate sur le th\u00e8me du ballet, \u00e0 glisser dans des sacs cadeaux ou pour s\u2019amuser!<\/p>\n<ul data-start=\"70\" data-end=\"260\">\n<li data-section-id=\"16lz1a3\" data-start=\"70\" data-end=\"114\">\n<p data-start=\"72\" data-end=\"114\">29 tatouages sur une feuille pr\u00e9d\u00e9coup\u00e9e<\/p>\n<\/li>\n<li data-section-id=\"w3kukx\" data-start=\"115\" data-end=\"146\">\n<p data-start=\"117\" data-end=\"146\">D\u00e9tails en dorure brillante<\/p>\n<\/li>\n<li data-section-id=\"echqg6\" data-start=\"147\" data-end=\"188\">\n<p data-start=\"149\" data-end=\"188\">Convient aux enfants de 3 ans et plus<\/p>\n<\/li>\n<li data-section-id=\"hj577i\" data-start=\"189\" data-end=\"212\">\n<p data-start=\"191\" data-end=\"212\">Lot de 29 tatouages<\/p>\n<\/li>\n<li data-section-id=\"gylsac\" data-start=\"213\" data-end=\"260\">\n<p data-start=\"215\" data-end=\"260\">Dimensions du pack : 11,43 x 8,89 x 0,32 cm<\/p>\n<\/li>\n<\/ul>\n<p data-start=\"262\" data-end=\"287\" data-is-last-node=\"\" data-is-only-node=\"\"><strong data-start=\"262\" data-end=\"280\">Code produit :<\/strong> 268627<\/p>","protected":false},"featured_media":21561,"comment_status":"open","ping_status":"closed","template":"","meta":[],"product_brand":[],"product_cat":[283,246,270],"product_tag":[],"class_list":{"0":"post-21560","1":"product","2":"type-product","3":"status-publish","4":"has-post-thumbnail","6":"product_cat-ballerine-par-themes","7":"product_cat-les-cadeaux-de-retour","8":"product_cat-tatouages-et-stickers","10":"first","11":"instock","12":"virtual","13":"purchasable","14":"product-type-simple"},"_links":{"self":[{"href":"https:\/\/some-store.projetsweb.net\/en\/wp-json\/wp\/v2\/product\/21560","targetHints":{"allow":["GET"]}}],"collection":[{"href":"https:\/\/some-store.projetsweb.net\/en\/wp-json\/wp\/v2\/product"}],"about":[{"href":"https:\/\/some-store.projetsweb.net\/en\/wp-json\/wp\/v2\/types\/product"}],"replies":[{"embeddable":true,"href":"https:\/\/some-store.projetsweb.net\/en\/wp-json\/wp\/v2\/comments?post=21560"}],"wp:featuredmedia":[{"embeddable":true,"href":"https:\/\/some-store.projetsweb.net\/en\/wp-json\/wp\/v2\/media\/21561"}],"wp:attachment":[{"href":"https:\/\/some-store.projetsweb.net\/en\/wp-json\/wp\/v2\/media?parent=21560"}],"wp:term":[{"taxonomy":"product_brand","embeddable":true,"href":"https:\/\/some-store.projetsweb.net\/en\/wp-json\/wp\/v2\/product_brand?post=21560"},{"taxonomy":"product_cat","embeddable":true,"href":"https:\/\/some-store.projetsweb.net\/en\/wp-json\/wp\/v2\/product_cat?post=21560"},{"taxonomy":"product_tag","embeddable":true,"href":"https:\/\/some-store.projetsweb.net\/en\/wp-json\/wp\/v2\/product_tag?post=21560"}],"curies":[{"name":"wp","href":"https:\/\/api.w.org\/{rel}","templated":true}]}}