{"id":21557,"date":"2026-03-17T12:22:19","date_gmt":"2026-03-17T12:22:19","guid":{"rendered":"https:\/\/some-store.projetsweb.net\/?post_type=product&#038;p=21557"},"modified":"2026-03-26T12:22:48","modified_gmt":"2026-03-26T12:22:48","slug":"cupcake-kit-ballerine-x24-toppers","status":"publish","type":"product","link":"https:\/\/some-store.projetsweb.net\/en\/shop\/le-store\/la-decoration\/cupcake-kit\/cupcake-kit-ballerine-x24-toppers\/","title":{"rendered":"Cupcake kit ballerine (x24 toppers)"},"content":{"rendered":"","protected":false},"excerpt":{"rendered":"<p>Pourquoi se contenter de cupcakes classiques quand vous pouvez les sublimer avec de jolies ballerines aux jupes en tulle rose ? Ce kit est parfait pour cr\u00e9er des douceurs id\u00e9ales pour une f\u00eate sur le th\u00e8me de la danse.<\/p>\n<ul data-start=\"70\" data-end=\"284\">\n<li data-section-id=\"17hb3tu\" data-start=\"70\" data-end=\"95\">\n<p data-start=\"72\" data-end=\"95\">D\u00e9tails en tulle rose<\/p>\n<\/li>\n<li data-section-id=\"w3kukx\" data-start=\"96\" data-end=\"127\">\n<p data-start=\"98\" data-end=\"127\">D\u00e9tails en dorure brillante<\/p>\n<\/li>\n<li data-section-id=\"1dd5mm3\" data-start=\"128\" data-end=\"168\">\n<p data-start=\"130\" data-end=\"168\">Caissettes \u00e0 cupcakes roses \u00e0 motifs<\/p>\n<\/li>\n<li data-section-id=\"1vdqo0t\" data-start=\"169\" data-end=\"185\">\n<p data-start=\"171\" data-end=\"185\">Pics en bois<\/p>\n<\/li>\n<li data-section-id=\"1belf2j\" data-start=\"186\" data-end=\"230\">\n<p data-start=\"188\" data-end=\"230\">Lot de 24 toppers (6 designs diff\u00e9rents)<\/p>\n<\/li>\n<li data-section-id=\"ol4fpf\" data-start=\"231\" data-end=\"284\">\n<p data-start=\"233\" data-end=\"284\">Dimensions des caissettes : 6,35 x 3,18 x 6,35 cm<\/p>\n<\/li>\n<\/ul>\n<p data-start=\"286\" data-end=\"311\" data-is-last-node=\"\" data-is-only-node=\"\"><strong data-start=\"286\" data-end=\"304\">Code produit :<\/strong> 222939<\/p>","protected":false},"featured_media":21558,"comment_status":"open","ping_status":"closed","template":"","meta":[],"product_brand":[],"product_cat":[326,245,267],"product_tag":[],"class_list":{"0":"post-21557","1":"product","2":"type-product","3":"status-publish","4":"has-post-thumbnail","6":"product_cat-cupcake-kit","7":"product_cat-la-decoration","8":"product_cat-toppers","10":"first","11":"instock","12":"virtual","13":"purchasable","14":"product-type-simple"},"_links":{"self":[{"href":"https:\/\/some-store.projetsweb.net\/en\/wp-json\/wp\/v2\/product\/21557","targetHints":{"allow":["GET"]}}],"collection":[{"href":"https:\/\/some-store.projetsweb.net\/en\/wp-json\/wp\/v2\/product"}],"about":[{"href":"https:\/\/some-store.projetsweb.net\/en\/wp-json\/wp\/v2\/types\/product"}],"replies":[{"embeddable":true,"href":"https:\/\/some-store.projetsweb.net\/en\/wp-json\/wp\/v2\/comments?post=21557"}],"wp:featuredmedia":[{"embeddable":true,"href":"https:\/\/some-store.projetsweb.net\/en\/wp-json\/wp\/v2\/media\/21558"}],"wp:attachment":[{"href":"https:\/\/some-store.projetsweb.net\/en\/wp-json\/wp\/v2\/media?parent=21557"}],"wp:term":[{"taxonomy":"product_brand","embeddable":true,"href":"https:\/\/some-store.projetsweb.net\/en\/wp-json\/wp\/v2\/product_brand?post=21557"},{"taxonomy":"product_cat","embeddable":true,"href":"https:\/\/some-store.projetsweb.net\/en\/wp-json\/wp\/v2\/product_cat?post=21557"},{"taxonomy":"product_tag","embeddable":true,"href":"https:\/\/some-store.projetsweb.net\/en\/wp-json\/wp\/v2\/product_tag?post=21557"}],"curies":[{"name":"wp","href":"https:\/\/api.w.org\/{rel}","templated":true}]}}