{"id":21538,"date":"2026-03-17T09:48:17","date_gmt":"2026-03-17T09:48:17","guid":{"rendered":"https:\/\/some-store.projetsweb.net\/?post_type=product&#038;p=21538"},"modified":"2026-03-17T09:48:17","modified_gmt":"2026-03-17T09:48:17","slug":"serviettes-en-forme-dastronaute-x16","status":"publish","type":"product","link":"https:\/\/some-store.projetsweb.net\/en\/shop\/themes-occasions\/anniversaires\/par-themes\/astronaute\/serviettes-en-forme-dastronaute-x16\/","title":{"rendered":"Serviettes en forme d&rsquo;astronaute x16"},"content":{"rendered":"","protected":false},"excerpt":{"rendered":"<p>Pourquoi choisir de simples serviettes, quand vous pouvez opter pour de superbes cr\u00e9ations en forme d\u2019astronaute ? Magnifiquement con\u00e7ues avec de nombreux d\u00e9tails en dorure argent\u00e9e, elles sont fabriqu\u00e9es en papier de haute qualit\u00e9, alliant praticit\u00e9 et d\u00e9coration.<\/p>\n<div class=\"relative basis-auto flex-col -mb-(--composer-overlap-px) [--composer-overlap-px:28px] grow flex\">\n<div class=\"flex flex-col text-sm pb-25\">\n<article class=\"text-token-text-primary w-full focus:outline-none [--shadow-height:45px] has-data-writing-block:pointer-events-none has-data-writing-block:-mt-(--shadow-height) has-data-writing-block:pt-(--shadow-height) [&amp;:has([data-writing-block])&gt;*]:pointer-events-auto scroll-mt-[calc(var(--header-height)+min(200px,max(70px,20svh)))]\" dir=\"auto\" tabindex=\"-1\" data-turn-id=\"request-WEB:22493938-9bef-435b-ac80-c99fbf0606ba-13\" data-testid=\"conversation-turn-28\" data-scroll-anchor=\"true\" data-turn=\"assistant\">\n<div class=\"text-base my-auto mx-auto pb-10 [--thread-content-margin:var(--thread-content-margin-xs,calc(var(--spacing)*4))] @w-sm\/main:[--thread-content-margin:var(--thread-content-margin-sm,calc(var(--spacing)*6))] @w-lg\/main:[--thread-content-margin:var(--thread-content-margin-lg,calc(var(--spacing)*16))] px-(--thread-content-margin)\">\n<div class=\"[--thread-content-max-width:40rem] @w-lg\/main:[--thread-content-max-width:48rem] mx-auto max-w-(--thread-content-max-width) flex-1 group\/turn-messages focus-visible:outline-hidden relative flex w-full min-w-0 flex-col agent-turn\" tabindex=\"-1\">\n<div class=\"flex max-w-full flex-col gap-4 grow\">\n<div class=\"min-h-8 text-message relative flex w-full flex-col items-end gap-2 text-start break-words whitespace-normal [.text-message+&amp;]:mt-1\" dir=\"auto\" data-message-author-role=\"assistant\" data-message-id=\"5bd92c5a-f03c-44fd-8625-b2c58c6029c8\" data-message-model-slug=\"gpt-5-3\">\n<div class=\"flex w-full flex-col gap-1 empty:hidden\">\n<div class=\"markdown prose dark:prose-invert w-full wrap-break-word light markdown-new-styling\">\n<p data-start=\"45\" data-end=\"69\"><strong data-start=\"45\" data-end=\"67\">Caract\u00e9ristiques :<\/strong><\/p>\n<ul data-start=\"70\" data-end=\"190\">\n<li data-section-id=\"ywz4pu\" data-start=\"70\" data-end=\"87\">\n<p data-start=\"72\" data-end=\"87\">Papier 3 plis<\/p>\n<\/li>\n<li data-section-id=\"yu9jrq\" data-start=\"88\" data-end=\"128\">\n<p data-start=\"90\" data-end=\"128\">D\u00e9tails en dorure argent\u00e9e brillante<\/p>\n<\/li>\n<li data-section-id=\"goxf1t\" data-start=\"129\" data-end=\"153\">\n<p data-start=\"131\" data-end=\"153\">Lot de 16 serviettes<\/p>\n<\/li>\n<li data-section-id=\"1q6ry3q\" data-start=\"154\" data-end=\"190\">\n<p data-start=\"156\" data-end=\"190\">Dimensions pli\u00e9es : 108 x 194 mm<\/p>\n<\/li>\n<\/ul>\n<p data-start=\"192\" data-end=\"217\" data-is-last-node=\"\" data-is-only-node=\"\"><strong data-start=\"192\" data-end=\"210\">Code produit :<\/strong> 223254<\/p>\n<\/div>\n<\/div>\n<\/div>\n<\/div>\n<\/div>\n<\/div>\n<\/article>\n<\/div>\n<\/div>\n","protected":false},"featured_media":21539,"comment_status":"open","ping_status":"closed","template":"","meta":[],"product_brand":[],"product_cat":[275,282,244,256],"product_tag":[],"class_list":{"0":"post-21538","1":"product","2":"type-product","3":"status-publish","4":"has-post-thumbnail","6":"product_cat-anniversaires","7":"product_cat-astronaute","8":"product_cat-la-table","9":"product_cat-serviettes","11":"first","12":"instock","13":"virtual","14":"purchasable","15":"product-type-simple"},"_links":{"self":[{"href":"https:\/\/some-store.projetsweb.net\/en\/wp-json\/wp\/v2\/product\/21538","targetHints":{"allow":["GET"]}}],"collection":[{"href":"https:\/\/some-store.projetsweb.net\/en\/wp-json\/wp\/v2\/product"}],"about":[{"href":"https:\/\/some-store.projetsweb.net\/en\/wp-json\/wp\/v2\/types\/product"}],"replies":[{"embeddable":true,"href":"https:\/\/some-store.projetsweb.net\/en\/wp-json\/wp\/v2\/comments?post=21538"}],"wp:featuredmedia":[{"embeddable":true,"href":"https:\/\/some-store.projetsweb.net\/en\/wp-json\/wp\/v2\/media\/21539"}],"wp:attachment":[{"href":"https:\/\/some-store.projetsweb.net\/en\/wp-json\/wp\/v2\/media?parent=21538"}],"wp:term":[{"taxonomy":"product_brand","embeddable":true,"href":"https:\/\/some-store.projetsweb.net\/en\/wp-json\/wp\/v2\/product_brand?post=21538"},{"taxonomy":"product_cat","embeddable":true,"href":"https:\/\/some-store.projetsweb.net\/en\/wp-json\/wp\/v2\/product_cat?post=21538"},{"taxonomy":"product_tag","embeddable":true,"href":"https:\/\/some-store.projetsweb.net\/en\/wp-json\/wp\/v2\/product_tag?post=21538"}],"curies":[{"name":"wp","href":"https:\/\/api.w.org\/{rel}","templated":true}]}}