{"id":21529,"date":"2026-03-17T09:38:39","date_gmt":"2026-03-17T09:38:39","guid":{"rendered":"https:\/\/some-store.projetsweb.net\/?post_type=product&#038;p=21529"},"modified":"2026-03-17T09:38:40","modified_gmt":"2026-03-17T09:38:40","slug":"serviettes-crocodile-x16","status":"publish","type":"product","link":"https:\/\/some-store.projetsweb.net\/en\/shop\/themes-occasions\/anniversaires\/par-themes\/animaux-safari\/serviettes-crocodile-x16\/","title":{"rendered":"Serviettes crocodile x16"},"content":{"rendered":"","protected":false},"excerpt":{"rendered":"<p><strong data-start=\"65\" data-end=\"318\">Ajoutez une touche wild \u00e0 votre f\u00eate avec ces serviettes en forme de crocodiles aux dents ac\u00e9r\u00e9es ! \u00c0 la fois d\u00e9coratives et pratiques, elles apporteront une note ludique tout en \u00e9tant indispensables pour votre table de f\u00eate.<\/strong><\/p>\n<ul data-start=\"70\" data-end=\"148\">\n<li data-section-id=\"ywz4pu\" data-start=\"70\" data-end=\"87\">\n<p data-start=\"72\" data-end=\"87\">Papier 3 plis<\/p>\n<\/li>\n<li data-section-id=\"goxf1t\" data-start=\"88\" data-end=\"112\">\n<p data-start=\"90\" data-end=\"112\">Lot de 16 serviettes<\/p>\n<\/li>\n<li data-section-id=\"1pf2cd3\" data-start=\"113\" data-end=\"148\">\n<p data-start=\"115\" data-end=\"148\">Dimensions pli\u00e9es : 197 x 92 mm<\/p>\n<\/li>\n<\/ul>\n<p data-start=\"150\" data-end=\"175\" data-is-last-node=\"\" data-is-only-node=\"\"><strong data-start=\"150\" data-end=\"168\">Code produit :<\/strong> 268159<\/p>","protected":false},"featured_media":21530,"comment_status":"open","ping_status":"closed","template":"","meta":[],"product_brand":[],"product_cat":[281,256],"product_tag":[],"class_list":{"0":"post-21529","1":"product","2":"type-product","3":"status-publish","4":"has-post-thumbnail","6":"product_cat-animaux-safari","7":"product_cat-serviettes","9":"first","10":"instock","11":"virtual","12":"purchasable","13":"product-type-simple"},"_links":{"self":[{"href":"https:\/\/some-store.projetsweb.net\/en\/wp-json\/wp\/v2\/product\/21529","targetHints":{"allow":["GET"]}}],"collection":[{"href":"https:\/\/some-store.projetsweb.net\/en\/wp-json\/wp\/v2\/product"}],"about":[{"href":"https:\/\/some-store.projetsweb.net\/en\/wp-json\/wp\/v2\/types\/product"}],"replies":[{"embeddable":true,"href":"https:\/\/some-store.projetsweb.net\/en\/wp-json\/wp\/v2\/comments?post=21529"}],"wp:featuredmedia":[{"embeddable":true,"href":"https:\/\/some-store.projetsweb.net\/en\/wp-json\/wp\/v2\/media\/21530"}],"wp:attachment":[{"href":"https:\/\/some-store.projetsweb.net\/en\/wp-json\/wp\/v2\/media?parent=21529"}],"wp:term":[{"taxonomy":"product_brand","embeddable":true,"href":"https:\/\/some-store.projetsweb.net\/en\/wp-json\/wp\/v2\/product_brand?post=21529"},{"taxonomy":"product_cat","embeddable":true,"href":"https:\/\/some-store.projetsweb.net\/en\/wp-json\/wp\/v2\/product_cat?post=21529"},{"taxonomy":"product_tag","embeddable":true,"href":"https:\/\/some-store.projetsweb.net\/en\/wp-json\/wp\/v2\/product_tag?post=21529"}],"curies":[{"name":"wp","href":"https:\/\/api.w.org\/{rel}","templated":true}]}}