{"id":19236,"date":"2021-09-17T13:58:48","date_gmt":"2021-09-17T13:58:48","guid":{"rendered":"https:\/\/some-store.projetsweb.net\/?post_type=product&#038;p=19236"},"modified":"2026-03-30T14:14:17","modified_gmt":"2026-03-30T14:14:17","slug":"animal-parade-gobelets-600x600","status":"publish","type":"product","link":"https:\/\/some-store.projetsweb.net\/en\/shop\/themes-occasions\/anniversaires\/par-themes\/animaux-en-parade\/animal-parade-gobelets-600x600\/","title":{"rendered":"Gobelets animaux en parade x8"},"content":{"rendered":"","protected":false},"excerpt":{"rendered":"<p>Ces gobelets color\u00e9s, avec de jolis d\u00e9tails d\u00e9coratifs, amuseront vos petits invit\u00e9s pendant qu\u2019ils d\u00e9gustent leurs boissons. Ils sont \u00e9galement parfaits pour \u00eatre remplis de friandises sucr\u00e9es ou sal\u00e9es!<\/p>\n<section class=\"text-token-text-primary w-full focus:outline-none [--shadow-height:45px] has-data-writing-block:pointer-events-none has-data-writing-block:-mt-(--shadow-height) has-data-writing-block:pt-(--shadow-height) [&amp;:has([data-writing-block])&gt;*]:pointer-events-auto scroll-mt-(--header-height)\" dir=\"auto\" data-turn-id=\"43fd71ea-7d66-4223-a03f-a2d2b3204861\" data-testid=\"conversation-turn-31\" data-scroll-anchor=\"false\" data-turn=\"user\"><\/section>\n<section class=\"text-token-text-primary w-full focus:outline-none [--shadow-height:45px] has-data-writing-block:pointer-events-none has-data-writing-block:-mt-(--shadow-height) has-data-writing-block:pt-(--shadow-height) [&amp;:has([data-writing-block])&gt;*]:pointer-events-auto scroll-mt-[calc(var(--header-height)+min(200px,max(70px,20svh)))]\" dir=\"auto\" data-turn-id=\"request-WEB:5b427928-2d89-4de7-bc73-d83d435dfa92-15\" data-testid=\"conversation-turn-32\" data-scroll-anchor=\"true\" data-turn=\"assistant\">\n<div class=\"text-base my-auto mx-auto pb-10 [--thread-content-margin:var(--thread-content-margin-xs,calc(var(--spacing)*4))] @w-sm\/main:[--thread-content-margin:var(--thread-content-margin-sm,calc(var(--spacing)*6))] @w-lg\/main:[--thread-content-margin:var(--thread-content-margin-lg,calc(var(--spacing)*16))] px-(--thread-content-margin)\">\n<div class=\"[--thread-content-max-width:40rem] @w-lg\/main:[--thread-content-max-width:48rem] mx-auto max-w-(--thread-content-max-width) flex-1 group\/turn-messages focus-visible:outline-hidden relative flex w-full min-w-0 flex-col agent-turn\">\n<div class=\"flex max-w-full flex-col gap-4 grow\">\n<div class=\"min-h-8 text-message relative flex w-full flex-col items-end gap-2 text-start break-words whitespace-normal outline-none keyboard-focused:focus-ring [.text-message+&amp;]:mt-1\" dir=\"auto\" tabindex=\"0\" data-message-author-role=\"assistant\" data-message-id=\"a111d88c-444a-4c1e-acc7-0912f757b0b6\" data-message-model-slug=\"gpt-5-3\" data-turn-start-message=\"true\">\n<div class=\"flex w-full flex-col gap-1 empty:hidden\">\n<div class=\"markdown prose dark:prose-invert w-full wrap-break-word light markdown-new-styling\">\n<ul data-start=\"0\" data-end=\"170\">\n<li data-section-id=\"yxvevb\" data-start=\"0\" data-end=\"74\">Chaque lot comprend 2 x 4 designs : singe, \u00e9l\u00e9phant, crocodile et lion<\/li>\n<li data-section-id=\"1dzugig\" data-start=\"75\" data-end=\"120\">Convient pour boissons chaudes et froides<\/li>\n<li data-section-id=\"1ehgqc8\" data-start=\"121\" data-end=\"146\">Lot de 8 en 4 designs<\/li>\n<li data-section-id=\"ry7sk5\" data-start=\"147\" data-end=\"170\">Contenance : 266 ml<\/li>\n<\/ul>\n<p data-start=\"172\" data-end=\"193\" data-is-last-node=\"\" data-is-only-node=\"\">Code produit : 267331<\/p>\n<\/div>\n<\/div>\n<\/div>\n<\/div>\n<\/div>\n<\/div>\n<\/section>\n","protected":false},"featured_media":20614,"comment_status":"closed","ping_status":"closed","template":"","meta":[],"product_brand":[],"product_cat":[233,281,252],"product_tag":[],"class_list":{"0":"post-19236","1":"product","2":"type-product","3":"status-publish","4":"has-post-thumbnail","6":"product_cat-animaux-en-parade","7":"product_cat-animaux-safari","8":"product_cat-gobelets","10":"first","11":"instock","12":"shipping-taxable","13":"purchasable","14":"product-type-simple"},"_links":{"self":[{"href":"https:\/\/some-store.projetsweb.net\/en\/wp-json\/wp\/v2\/product\/19236","targetHints":{"allow":["GET"]}}],"collection":[{"href":"https:\/\/some-store.projetsweb.net\/en\/wp-json\/wp\/v2\/product"}],"about":[{"href":"https:\/\/some-store.projetsweb.net\/en\/wp-json\/wp\/v2\/types\/product"}],"replies":[{"embeddable":true,"href":"https:\/\/some-store.projetsweb.net\/en\/wp-json\/wp\/v2\/comments?post=19236"}],"wp:featuredmedia":[{"embeddable":true,"href":"https:\/\/some-store.projetsweb.net\/en\/wp-json\/wp\/v2\/media\/20614"}],"wp:attachment":[{"href":"https:\/\/some-store.projetsweb.net\/en\/wp-json\/wp\/v2\/media?parent=19236"}],"wp:term":[{"taxonomy":"product_brand","embeddable":true,"href":"https:\/\/some-store.projetsweb.net\/en\/wp-json\/wp\/v2\/product_brand?post=19236"},{"taxonomy":"product_cat","embeddable":true,"href":"https:\/\/some-store.projetsweb.net\/en\/wp-json\/wp\/v2\/product_cat?post=19236"},{"taxonomy":"product_tag","embeddable":true,"href":"https:\/\/some-store.projetsweb.net\/en\/wp-json\/wp\/v2\/product_tag?post=19236"}],"curies":[{"name":"wp","href":"https:\/\/api.w.org\/{rel}","templated":true}]}}